{"id":53,"date":"2016-01-13T09:31:54","date_gmt":"2016-01-13T08:31:54","guid":{"rendered":"http:\/\/bodasyvideoselparaguasazul.eu\/?page_id=53"},"modified":"2019-11-07T10:52:37","modified_gmt":"2019-11-07T09:52:37","slug":"videosdeboda","status":"publish","type":"page","link":"https:\/\/bodasyvideoselparaguasazul.eu\/?page_id=53","title":{"rendered":"VIDEOS"},"content":{"rendered":"<p>[et_pb_section fb_built=\u00bb1&#8243; _builder_version=\u00bb3.22&#8243; background_color=\u00bbrgba(255,255,255,0)\u00bb background_image=\u00bbhttp:\/\/bodasyvideoselparaguasazul.eu\/wp-content\/uploads\/2016\/02\/ELPAbesoBICI.jpg\u00bb parallax=\u00bbon\u00bb parallax_method=\u00bboff\u00bb background_video_mp4=\u00bbhttp:\/\/bodasyvideoselparaguasazul.eu\/wp-content\/uploads\/2016\/02\/CABECERAnosotros.mp4&#8243; transparent_background=\u00bbon\u00bb padding_mobile=\u00bbon\u00bb][et_pb_row column_structure=\u00bb1_2,1_2&#8243; _builder_version=\u00bb3.25&#8243; background_size=\u00bbinitial\u00bb background_position=\u00bbtop_left\u00bb background_repeat=\u00bbrepeat\u00bb][et_pb_column type=\u00bb1_2&#8243; _builder_version=\u00bb3.25&#8243; custom_padding=\u00bb|||\u00bb custom_padding__hover=\u00bb|||\u00bb][et_pb_divider show_divider=\u00bboff\u00bb disabled_on=\u00bbon|on|off\u00bb _builder_version=\u00bb3.23.4&#8243; height=\u00bb61&#8243; hide_on_mobile=\u00bbon\u00bb saved_tabs=\u00bball\u00bb]&nbsp;<br \/>\n[\/et_pb_divider][\/et_pb_column][et_pb_column type=\u00bb1_2&#8243; _builder_version=\u00bb3.25&#8243; custom_padding=\u00bb|||\u00bb custom_padding__hover=\u00bb|||\u00bb][et_pb_image src=\u00bbhttp:\/\/bodasyvideoselparaguasazul.eu\/wp-content\/uploads\/2016\/02\/EPAfirmado.gif\u00bb align=\u00bbcenter\u00bb align_tablet=\u00bbcenter\u00bb align_phone=\u00bb\u00bb align_last_edited=\u00bbon|desktop\u00bb _builder_version=\u00bb3.23&#8243; max_width=\u00bb300px\u00bb sticky=\u00bboff\u00bb use_border_color=\u00bboff\u00bb border_color=\u00bb#ffffff\u00bb border_style=\u00bbsolid\u00bb]&nbsp;<br \/>\n[\/et_pb_image][et_pb_slider show_arrows=\u00bboff\u00bb show_pagination=\u00bboff\u00bb show_image_video_mobile=\u00bbon\u00bb _builder_version=\u00bb3.16&#8243; header_font=\u00bbBoogaloo||||\u00bb header_font_size=\u00bb40&#8243; background_size=\u00bbcontain\u00bb background_position=\u00bbtop_left\u00bb custom_padding=\u00bb|||\u00bb custom_padding_tablet=\u00bb|||\u00bb custom_padding_phone=\u00bb|||\u00bb auto=\u00bbon\u00bb auto_speed=\u00bb3000&#8243; auto_ignore_hover=\u00bbon\u00bb remove_inner_shadow=\u00bbon\u00bb hide_content_on_mobile=\u00bboff\u00bb hide_cta_on_mobile=\u00bboff\u00bb show_inner_shadow=\u00bboff\u00bb button_text_size__hover_enabled=\u00bboff\u00bb button_text_size__hover=\u00bbnull\u00bb button_one_text_size__hover_enabled=\u00bboff\u00bb button_one_text_size__hover=\u00bbnull\u00bb button_two_text_size__hover_enabled=\u00bboff\u00bb button_two_text_size__hover=\u00bbnull\u00bb button_text_color__hover_enabled=\u00bboff\u00bb button_text_color__hover=\u00bbnull\u00bb button_one_text_color__hover_enabled=\u00bboff\u00bb button_one_text_color__hover=\u00bbnull\u00bb button_two_text_color__hover_enabled=\u00bboff\u00bb button_two_text_color__hover=\u00bbnull\u00bb button_border_width__hover_enabled=\u00bboff\u00bb button_border_width__hover=\u00bbnull\u00bb button_one_border_width__hover_enabled=\u00bboff\u00bb button_one_border_width__hover=\u00bbnull\u00bb button_two_border_width__hover_enabled=\u00bboff\u00bb button_two_border_width__hover=\u00bbnull\u00bb button_border_color__hover_enabled=\u00bboff\u00bb button_border_color__hover=\u00bbnull\u00bb button_one_border_color__hover_enabled=\u00bboff\u00bb button_one_border_color__hover=\u00bbnull\u00bb button_two_border_color__hover_enabled=\u00bboff\u00bb button_two_border_color__hover=\u00bbnull\u00bb button_border_radius__hover_enabled=\u00bboff\u00bb button_border_radius__hover=\u00bbnull\u00bb button_one_border_radius__hover_enabled=\u00bboff\u00bb button_one_border_radius__hover=\u00bbnull\u00bb button_two_border_radius__hover_enabled=\u00bboff\u00bb button_two_border_radius__hover=\u00bbnull\u00bb button_letter_spacing__hover_enabled=\u00bboff\u00bb button_letter_spacing__hover=\u00bbnull\u00bb button_one_letter_spacing__hover_enabled=\u00bboff\u00bb button_one_letter_spacing__hover=\u00bbnull\u00bb button_two_letter_spacing__hover_enabled=\u00bboff\u00bb button_two_letter_spacing__hover=\u00bbnull\u00bb button_bg_color__hover_enabled=\u00bboff\u00bb button_bg_color__hover=\u00bbnull\u00bb button_one_bg_color__hover_enabled=\u00bboff\u00bb button_one_bg_color__hover=\u00bbnull\u00bb button_two_bg_color__hover_enabled=\u00bboff\u00bb button_two_bg_color__hover=\u00bbnull\u00bb][et_pb_slide heading=\u00bbCaptamos las emociones&#8230;\u00bb use_bg_overlay=\u00bboff\u00bb use_text_overlay=\u00bboff\u00bb _builder_version=\u00bb3.16&#8243; header_font=\u00bbBoogaloo||||\u00bb header_font_size=\u00bb30&#8243; body_font=\u00bb||||\u00bb background_color=\u00bbrgba(255,255,255,0)\u00bb background_position=\u00bbtop_left\u00bb button_icon_placement=\u00bbright\u00bb button_on_hover=\u00bbon\u00bb header_font_size_tablet=\u00bb30&#8243; header_font_size_phone=\u00bb30&#8243; button_text_size__hover_enabled=\u00bboff\u00bb button_one_text_size__hover_enabled=\u00bboff\u00bb button_two_text_size__hover_enabled=\u00bboff\u00bb button_text_color__hover_enabled=\u00bboff\u00bb button_one_text_color__hover_enabled=\u00bboff\u00bb button_two_text_color__hover_enabled=\u00bboff\u00bb button_border_width__hover_enabled=\u00bboff\u00bb button_one_border_width__hover_enabled=\u00bboff\u00bb button_two_border_width__hover_enabled=\u00bboff\u00bb button_border_color__hover_enabled=\u00bboff\u00bb button_one_border_color__hover_enabled=\u00bboff\u00bb button_two_border_color__hover_enabled=\u00bboff\u00bb button_border_radius__hover_enabled=\u00bboff\u00bb button_one_border_radius__hover_enabled=\u00bboff\u00bb button_two_border_radius__hover_enabled=\u00bboff\u00bb button_letter_spacing__hover_enabled=\u00bboff\u00bb button_one_letter_spacing__hover_enabled=\u00bboff\u00bb button_two_letter_spacing__hover_enabled=\u00bboff\u00bb button_bg_color__hover_enabled=\u00bboff\u00bb button_one_bg_color__hover_enabled=\u00bboff\u00bb button_two_bg_color__hover_enabled=\u00bboff\u00bb] [\/et_pb_slide][et_pb_slide heading=\u00bb&#8230;recordando los sentimientos\u00bb use_bg_overlay=\u00bboff\u00bb use_text_overlay=\u00bboff\u00bb _builder_version=\u00bb3.16&#8243; header_font=\u00bbBoogaloo||||\u00bb header_font_size=\u00bb30&#8243; body_font=\u00bb||||\u00bb background_color=\u00bbrgba(255,255,255,0)\u00bb button_icon_placement=\u00bbright\u00bb button_on_hover=\u00bbon\u00bb header_font_size_tablet=\u00bb30&#8243; header_font_size_phone=\u00bb30&#8243; button_text_size__hover_enabled=\u00bboff\u00bb button_one_text_size__hover_enabled=\u00bboff\u00bb button_two_text_size__hover_enabled=\u00bboff\u00bb button_text_color__hover_enabled=\u00bboff\u00bb button_one_text_color__hover_enabled=\u00bboff\u00bb button_two_text_color__hover_enabled=\u00bboff\u00bb button_border_width__hover_enabled=\u00bboff\u00bb button_one_border_width__hover_enabled=\u00bboff\u00bb button_two_border_width__hover_enabled=\u00bboff\u00bb button_border_color__hover_enabled=\u00bboff\u00bb button_one_border_color__hover_enabled=\u00bboff\u00bb button_two_border_color__hover_enabled=\u00bboff\u00bb button_border_radius__hover_enabled=\u00bboff\u00bb button_one_border_radius__hover_enabled=\u00bboff\u00bb button_two_border_radius__hover_enabled=\u00bboff\u00bb button_letter_spacing__hover_enabled=\u00bboff\u00bb button_one_letter_spacing__hover_enabled=\u00bboff\u00bb button_two_letter_spacing__hover_enabled=\u00bboff\u00bb button_bg_color__hover_enabled=\u00bboff\u00bb button_one_bg_color__hover_enabled=\u00bboff\u00bb button_two_bg_color__hover_enabled=\u00bboff\u00bb] [\/et_pb_slide][\/et_pb_slider][\/et_pb_column][\/et_pb_row][\/et_pb_section][et_pb_section fb_built=\u00bb1&#8243; custom_padding_last_edited=\u00bbon|desktop\u00bb admin_label=\u00bbsection\u00bb _builder_version=\u00bb3.22&#8243; background_color=\u00bbrgba(255,255,255,0)\u00bb custom_padding_tablet=\u00bb50px|0|50px|0&#8243; custom_padding_phone=\u00bb\u00bb transparent_background=\u00bbon\u00bb padding_mobile=\u00bboff\u00bb][et_pb_row padding_mobile=\u00bboff\u00bb column_padding_mobile=\u00bbon\u00bb _builder_version=\u00bb3.25&#8243; background_size=\u00bbinitial\u00bb background_position=\u00bbtop_left\u00bb background_repeat=\u00bbrepeat\u00bb][et_pb_column type=\u00bb4_4&#8243; _builder_version=\u00bb3.25&#8243; custom_padding=\u00bb|||\u00bb custom_padding__hover=\u00bb|||\u00bb][et_pb_text _builder_version=\u00bb3.27.4&#8243; text_font=\u00bbAmatic SC||||\u00bb text_text_color=\u00bb#592f00&#8243; text_font_size=\u00bb50&#8243; text_letter_spacing=\u00bb5px\u00bb background_size=\u00bbinitial\u00bb background_position=\u00bbtop_left\u00bb background_repeat=\u00bbrepeat\u00bb text_orientation=\u00bbright\u00bb use_border_color=\u00bboff\u00bb border_color=\u00bb#ffffff\u00bb border_style=\u00bbsolid\u00bb]Videos para tu enlace<br \/>\n[\/et_pb_text][et_pb_divider show_divider=\u00bboff\u00bb disabled_on=\u00bbon|on|off\u00bb _builder_version=\u00bb3.23.4&#8243; height=\u00bb50&#8243; hide_on_mobile=\u00bbon\u00bb saved_tabs=\u00bball\u00bb]&nbsp;<br \/>\n[\/et_pb_divider][et_pb_text _builder_version=\u00bb3.27.4&#8243; text_font=\u00bbUbuntu||||\u00bb text_text_color=\u00bb#592f00&#8243; text_font_size=\u00bb25&#8243; text_letter_spacing=\u00bb5px\u00bb background_size=\u00bbinitial\u00bb background_position=\u00bbtop_left\u00bb background_repeat=\u00bbrepeat\u00bb use_border_color=\u00bboff\u00bb border_color=\u00bb#ffffff\u00bb border_style=\u00bbsolid\u00bb]RESUMEN<br \/>\n[\/et_pb_text][et_pb_divider color=\u00bbrgba(130,36,227,0.65)\u00bb divider_style=\u00bbsolid\u00bb divider_weight=\u00bb2&#8243; disabled_on=\u00bbon|on|off\u00bb _builder_version=\u00bb3.23.4&#8243; height=\u00bb50&#8243; hide_on_mobile=\u00bbon\u00bb saved_tabs=\u00bball\u00bb]&nbsp;<br \/>\n[\/et_pb_divider][\/et_pb_column][\/et_pb_row][et_pb_row padding_mobile=\u00bbon\u00bb column_padding_mobile=\u00bbon\u00bb admin_label=\u00bbrow\u00bb module_class=\u00bb et_pb_row_fullwidth\u00bb _builder_version=\u00bb3.25&#8243; background_size=\u00bbinitial\u00bb background_position=\u00bbtop_left\u00bb background_repeat=\u00bbrepeat\u00bb width=\u00bb94%\u00bb width_tablet=\u00bb80%\u00bb width_phone=\u00bb\u00bb width_last_edited=\u00bbon|desktop\u00bb max_width=\u00bb94%\u00bb max_width_tablet=\u00bb80%\u00bb max_width_phone=\u00bb\u00bb max_width_last_edited=\u00bbon|desktop\u00bb make_fullwidth=\u00bbon\u00bb][et_pb_column type=\u00bb4_4&#8243; _builder_version=\u00bb3.25&#8243; custom_padding=\u00bb|||\u00bb custom_padding__hover=\u00bb|||\u00bb][et_pb_video_slider show_image_overlay=\u00bbon\u00bb thumbnail_overlay_color=\u00bbrgba(130,36,227,0.19)\u00bb controls_color=\u00bblight\u00bb _builder_version=\u00bb4.0.5&#8243; animation_style=\u00bbzoom\u00bb border_style_all=\u00bbnone\u00bb saved_tabs=\u00bball\u00bb global_module=\u00bb118939&#8243;][et_pb_video_slider_item admin_title=\u00bbana y juan\u00bb src=\u00bbhttps:\/\/vimeo.com\/330989825&#8243; _builder_version=\u00bb4.0.5&#8243; show_image_overlay=\u00bbon\u00bb][\/et_pb_video_slider_item][et_pb_video_slider_item admin_title=\u00bbnoelia y juan luis\u00bb src=\u00bbhttps:\/\/vimeo.com\/341069878&#8243; _builder_version=\u00bb4.0.5&#8243; show_image_overlay=\u00bbon\u00bb][\/et_pb_video_slider_item][et_pb_video_slider_item admin_title=\u00bbromina y manuel\u00bb src=\u00bbhttps:\/\/vimeo.com\/313869805&#8243; _builder_version=\u00bb3.19.9&#8243; show_image_overlay=\u00bbon\u00bb][\/et_pb_video_slider_item][et_pb_video_slider_item admin_title=\u00bbEstefania y andres\u00bb src=\u00bbhttps:\/\/vimeo.com\/300984634&#8243; _builder_version=\u00bb3.19.9&#8243; show_image_overlay=\u00bbon\u00bb][\/et_pb_video_slider_item][et_pb_video_slider_item admin_title=\u00bbVero y Enrique\u00bb src=\u00bbhttps:\/\/vimeo.com\/289320163&#8243; _builder_version=\u00bb3.19.9&#8243; show_image_overlay=\u00bbon\u00bb][\/et_pb_video_slider_item][et_pb_video_slider_item admin_title=\u00bbTania y Avelino\u00bb src=\u00bbhttps:\/\/vimeo.com\/283410610&#8243; _builder_version=\u00bb3.19.9&#8243; show_image_overlay=\u00bbon\u00bb][\/et_pb_video_slider_item][et_pb_video_slider_item admin_title=\u00bbBea y Maikel\u00bb src=\u00bbhttps:\/\/vimeo.com\/207440914&#8243; _builder_version=\u00bb3.19.9&#8243; show_image_overlay=\u00bbon\u00bb][\/et_pb_video_slider_item][et_pb_video_slider_item admin_title=\u00bbSonia y Camilo\u00bb src=\u00bbhttps:\/\/vimeo.com\/203104939&#8243; _builder_version=\u00bb3.19.9&#8243; show_image_overlay=\u00bbon\u00bb][\/et_pb_video_slider_item][et_pb_video_slider_item admin_title=\u00bbElena y ANgel\u00bb src=\u00bbhttps:\/\/vimeo.com\/286151810&#8243; _builder_version=\u00bb3.19.9&#8243; show_image_overlay=\u00bbon\u00bb][\/et_pb_video_slider_item][et_pb_video_slider_item admin_title=\u00bbSusana y Pedro\u00bb src=\u00bbhttps:\/\/vimeo.com\/157708863&#8243; _builder_version=\u00bb3.19.9&#8243; show_image_overlay=\u00bbon\u00bb][\/et_pb_video_slider_item][et_pb_video_slider_item admin_title=\u00bbCristina y Ra\u00fal\u00bb src=\u00bbhttps:\/\/youtu.be\/SXi5Pvuub04&#8243; _builder_version=\u00bb3.19.9&#8243; show_image_overlay=\u00bbon\u00bb][\/et_pb_video_slider_item][et_pb_video_slider_item admin_title=\u00bbAscen y Evaristo\u00bb src=\u00bbhttps:\/\/vimeo.com\/160064621&#8243; _builder_version=\u00bb3.19.9&#8243; show_image_overlay=\u00bbon\u00bb][\/et_pb_video_slider_item][et_pb_video_slider_item admin_title=\u00bbma jesus y joaquin\u00bb src=\u00bbhttps:\/\/vimeo.com\/161640956&#8243; _builder_version=\u00bb3.19.9&#8243; show_image_overlay=\u00bbon\u00bb][\/et_pb_video_slider_item][et_pb_video_slider_item admin_title=\u00bblali y alvaro\u00bb src=\u00bbhttps:\/\/vimeo.com\/184838290&#8243; _builder_version=\u00bb3.19.9&#8243; show_image_overlay=\u00bbon\u00bb][\/et_pb_video_slider_item][\/et_pb_video_slider][\/et_pb_column][\/et_pb_row][et_pb_row _builder_version=\u00bb3.25&#8243; background_size=\u00bbinitial\u00bb background_position=\u00bbtop_left\u00bb background_repeat=\u00bbrepeat\u00bb][et_pb_column type=\u00bb4_4&#8243; _builder_version=\u00bb3.25&#8243; custom_padding=\u00bb|||\u00bb custom_padding__hover=\u00bb|||\u00bb][et_pb_divider color=\u00bbrgba(130,36,227,0.65)\u00bb divider_style=\u00bbsolid\u00bb divider_weight=\u00bb2&#8243; disabled_on=\u00bbon|on|off\u00bb _builder_version=\u00bb3.23.4&#8243; height=\u00bb100&#8243; hide_on_mobile=\u00bbon\u00bb saved_tabs=\u00bball\u00bb]&nbsp;<br \/>\n[\/et_pb_divider][et_pb_text _builder_version=\u00bb3.27.4&#8243; text_font=\u00bbAmatic SC||||\u00bb text_text_color=\u00bb#592f00&#8243; text_font_size=\u00bb50&#8243; text_letter_spacing=\u00bb5px\u00bb background_size=\u00bbinitial\u00bb background_position=\u00bbtop_left\u00bb background_repeat=\u00bbrepeat\u00bb text_orientation=\u00bbright\u00bb use_border_color=\u00bboff\u00bb border_color=\u00bb#ffffff\u00bb border_style=\u00bbsolid\u00bb]SUGERENCIAS PARA\u00a0LOS NOVIOS Y\u00a0FAMILIA<br \/>\n[\/et_pb_text][et_pb_divider show_divider=\u00bboff\u00bb disabled_on=\u00bbon|on|off\u00bb _builder_version=\u00bb3.23.4&#8243; height=\u00bb50&#8243; hide_on_mobile=\u00bbon\u00bb saved_tabs=\u00bball\u00bb]&nbsp;<br \/>\n[\/et_pb_divider][\/et_pb_column][\/et_pb_row][et_pb_row column_structure=\u00bb1_3,1_3,1_3&#8243; padding_mobile=\u00bboff\u00bb column_padding_mobile=\u00bbon\u00bb _builder_version=\u00bb3.25&#8243; background_size=\u00bbinitial\u00bb background_position=\u00bbtop_left\u00bb background_repeat=\u00bbrepeat\u00bb][et_pb_column type=\u00bb1_3&#8243; _builder_version=\u00bb3.25&#8243; custom_padding=\u00bb|||\u00bb custom_padding__hover=\u00bb|||\u00bb][et_pb_image src=\u00bbhttp:\/\/bodasyvideoselparaguasazul.eu\/wp-content\/uploads\/2016\/02\/ELPAbrazoALsol.jpg\u00bb alt=\u00bbver videos de pre-boda\u00bb title_text=\u00bbver videos de pre-boda\u00bb url=\u00bbhttp:\/\/bodasyvideoselparaguasazul.eu\/pre-boda\u00bb show_bottom_space=\u00bboff\u00bb align=\u00bbcenter\u00bb align_tablet=\u00bbcenter\u00bb align_phone=\u00bb\u00bb align_last_edited=\u00bbon|desktop\u00bb _builder_version=\u00bb3.23&#8243; sticky=\u00bbon\u00bb use_border_color=\u00bboff\u00bb border_color=\u00bb#ffffff\u00bb border_style=\u00bbsolid\u00bb]&nbsp;<br \/>\n[\/et_pb_image][et_pb_toggle title=\u00bbPRE BODA\u00bb open_toggle_background_color=\u00bbrgba(0,0,0,0)\u00bb closed_toggle_background_color=\u00bbrgba(0,0,0,0)\u00bb icon_color=\u00bb#0093c9&#8243; _builder_version=\u00bb3.0.87&#8243; title_font=\u00bbUbuntu||||\u00bb title_font_size=\u00bb20&#8243; title_letter_spacing=\u00bb3px\u00bb background_size=\u00bbinitial\u00bb background_position=\u00bbtop_left\u00bb background_repeat=\u00bbrepeat\u00bb border_width_all=\u00bb1px\u00bb border_color_all=\u00bb#ffffff\u00bb border_style_all=\u00bbsolid\u00bb use_border_color=\u00bbon\u00bb border_color=\u00bb#ffffff\u00bb border_style=\u00bbsolid\u00bb]<\/p>\n<p style=\"text-align: center;\">Atr\u00e9vete a anunciar tu compromiso y prepara a tus invitados para un d\u00eda fant\u00e1stico.<\/p>\n<p style=\"text-align: center;\"><strong>-Save the date.<\/strong><\/p>\n<p style=\"text-align: center;\"><strong>-Bio-Life.<\/strong><\/p>\n<p style=\"text-align: center;\"><strong>-Invitaci\u00f3n globo chino.<\/strong><\/p>\n<p style=\"text-align: center;\"><strong>-Petici\u00f3n de mano.<\/strong><\/p>\n<p style=\"text-align: center;\"><strong>-Despedida de soltero\/a<\/strong><\/p>\n<p>[\/et_pb_toggle][\/et_pb_column][et_pb_column type=\u00bb1_3&#8243; _builder_version=\u00bb3.25&#8243; custom_padding=\u00bb|||\u00bb custom_padding__hover=\u00bb|||\u00bb][et_pb_image src=\u00bbhttp:\/\/bodasyvideoselparaguasazul.eu\/wp-content\/uploads\/2016\/02\/ELPAnoviosDLAmano.jpg\u00bb alt=\u00bbver videos de post-boda\u00bb title_text=\u00bbver videos de post-boda\u00bb url=\u00bbhttp:\/\/bodasyvideoselparaguasazul.eu\/post-boda\u00bb show_bottom_space=\u00bboff\u00bb align=\u00bbcenter\u00bb align_tablet=\u00bbcenter\u00bb align_phone=\u00bb\u00bb align_last_edited=\u00bbon|desktop\u00bb _builder_version=\u00bb3.23&#8243; sticky=\u00bbon\u00bb use_border_color=\u00bboff\u00bb border_color=\u00bb#ffffff\u00bb border_style=\u00bbsolid\u00bb]&nbsp;<br \/>\n[\/et_pb_image][et_pb_toggle title=\u00bbPOST BODA\u00bb open_toggle_background_color=\u00bbrgba(0,0,0,0)\u00bb closed_toggle_background_color=\u00bbrgba(0,0,0,0)\u00bb icon_color=\u00bb#0093c9&#8243; _builder_version=\u00bb3.0.87&#8243; title_font=\u00bbUbuntu||||\u00bb title_font_size=\u00bb20&#8243; title_letter_spacing=\u00bb3px\u00bb background_size=\u00bbinitial\u00bb background_position=\u00bbtop_left\u00bb background_repeat=\u00bbrepeat\u00bb border_width_all=\u00bb1px\u00bb border_color_all=\u00bb#ffffff\u00bb border_style_all=\u00bbsolid\u00bb use_border_color=\u00bbon\u00bb border_color=\u00bb#ffffff\u00bb border_style=\u00bbsolid\u00bb]<\/p>\n<p style=\"text-align: center;\">Apreciar las emociones de ese d\u00eda regalando un video\u00a0en el que mostrar vuestros sentimientos.<\/p>\n<p style=\"text-align: center;\"><strong>-Agradece a tus invitados la alegr\u00eda\u00a0de ese d\u00eda.<\/strong><\/p>\n<p style=\"text-align: center;\"><strong>-Anuncio de buenas nuevas.<\/strong><\/p>\n<p style=\"text-align: center;\"><strong>-Luna de miel.<\/strong><\/p>\n<p style=\"text-align: center;\"><strong>-Un paseo especial con los trajes de novios.<\/strong><\/p>\n<p style=\"text-align: center;\"><strong>-Recuperar y actualizar los antiguos videos para celebrar aniversarios.<\/strong><\/p>\n<p>[\/et_pb_toggle][et_pb_image src=\u00bbhttp:\/\/bodasyvideoselparaguasazul.eu\/wp-content\/uploads\/2016\/02\/paraguasSOLO.gif\u00bb align_tablet=\u00bbcenter\u00bb align_phone=\u00bb\u00bb align_last_edited=\u00bbon|desktop\u00bb _builder_version=\u00bb3.23&#8243; max_width=\u00bb200px\u00bb animation_style=\u00bbfade\u00bb animation_duration=\u00bb500ms\u00bb animation=\u00bbfade_in\u00bb sticky=\u00bboff\u00bb use_border_color=\u00bboff\u00bb border_color=\u00bb#ffffff\u00bb border_style=\u00bbsolid\u00bb]&nbsp;<br \/>\n[\/et_pb_image][\/et_pb_column][et_pb_column type=\u00bb1_3&#8243; _builder_version=\u00bb3.25&#8243; custom_padding=\u00bb|||\u00bb custom_padding__hover=\u00bb|||\u00bb][et_pb_image src=\u00bbhttp:\/\/bodasyvideoselparaguasazul.eu\/wp-content\/uploads\/2016\/02\/ELPAlucesLABRA.jpg\u00bb url_new_window=\u00bbon\u00bb show_bottom_space=\u00bboff\u00bb align=\u00bbcenter\u00bb align_tablet=\u00bbcenter\u00bb align_phone=\u00bb\u00bb align_last_edited=\u00bbon|desktop\u00bb _builder_version=\u00bb3.23&#8243; sticky=\u00bbon\u00bb use_border_color=\u00bboff\u00bb border_color=\u00bb#ffffff\u00bb border_style=\u00bbsolid\u00bb]&nbsp;<br \/>\n[\/et_pb_image][et_pb_toggle title=\u00bbF A M I L I A\u00bb open_toggle_background_color=\u00bbrgba(0,0,0,0)\u00bb closed_toggle_background_color=\u00bbrgba(0,0,0,0)\u00bb icon_color=\u00bb#0093c9&#8243; _builder_version=\u00bb3.0.87&#8243; title_font=\u00bbUbuntu||||\u00bb title_font_size=\u00bb20&#8243; background_size=\u00bbinitial\u00bb background_position=\u00bbtop_left\u00bb background_repeat=\u00bbrepeat\u00bb border_width_all=\u00bb1px\u00bb border_color_all=\u00bb#ffffff\u00bb border_style_all=\u00bbsolid\u00bb use_border_color=\u00bbon\u00bb border_color=\u00bb#ffffff\u00bb border_style=\u00bbsolid\u00bb]<\/p>\n<p style=\"text-align: center;\">Otros audiovisuales de familia, una buena idea para tener siempre un recuerdo de los tuyos.<\/p>\n<p style=\"text-align: center;\"><strong>-Primeras palabras.<\/strong><\/p>\n<p style=\"text-align: center;\"><strong>-Testimoniales.<\/strong><\/p>\n<p style=\"text-align: center;\"><strong>-El \u00e1rbol geneal\u00f3gico del abuelo.<\/strong><\/p>\n<p style=\"text-align: center;\"><strong>-Comuniones.<\/strong><\/p>\n<p style=\"text-align: center;\"><strong>-Bautizos.<\/strong><\/p>\n<p>[\/et_pb_toggle][\/et_pb_column][\/et_pb_row][\/et_pb_section][et_pb_section fb_built=\u00bb1&#8243; _builder_version=\u00bb3.22&#8243;][et_pb_row padding_mobile=\u00bboff\u00bb column_padding_mobile=\u00bbon\u00bb _builder_version=\u00bb3.25&#8243; background_image=\u00bbhttp:\/\/bodasyvideoselparaguasazul.eu\/wp-content\/uploads\/2016\/02\/noviosAMERICANO.gif\u00bb background_size=\u00bbinitial\u00bb background_position=\u00bbtop_left\u00bb background_repeat=\u00bbrepeat\u00bb][et_pb_column type=\u00bb4_4&#8243; _builder_version=\u00bb3.25&#8243; custom_padding=\u00bb|||\u00bb custom_padding__hover=\u00bb|||\u00bb][et_pb_text _builder_version=\u00bb3.27.4&#8243; text_font=\u00bbAmatic SC||||\u00bb text_text_color=\u00bb#592f00&#8243; text_font_size=\u00bb50&#8243; text_letter_spacing=\u00bb5px\u00bb background_size=\u00bbinitial\u00bb background_position=\u00bbtop_left\u00bb background_repeat=\u00bbrepeat\u00bb text_orientation=\u00bbright\u00bb use_border_color=\u00bboff\u00bb border_color=\u00bb#ffffff\u00bb border_style=\u00bbsolid\u00bb]YA disfrutan de su \u00abPELI\u00bb&#8230;<br \/>\n[\/et_pb_text][et_pb_divider color=\u00bbrgba(130,36,227,0.65)\u00bb divider_style=\u00bbsolid\u00bb divider_weight=\u00bb2&#8243; disabled_on=\u00bbon|on|off\u00bb _builder_version=\u00bb3.23.4&#8243; height=\u00bb50&#8243; hide_on_mobile=\u00bbon\u00bb saved_tabs=\u00bball\u00bb]&nbsp;<br \/>\n[\/et_pb_divider][et_pb_portfolio fullwidth=\u00bboff\u00bb posts_number=\u00bb15&#8243; include_categories=\u00bb27&#8243; show_categories=\u00bboff\u00bb show_pagination=\u00bboff\u00bb zoom_icon_color=\u00bb#1399f2&#8243; _builder_version=\u00bb3.17.1&#8243; background_size=\u00bbinitial\u00bb background_position=\u00bbtop_left\u00bb background_repeat=\u00bbrepeat\u00bb use_border_color=\u00bboff\u00bb border_color=\u00bb#ffffff\u00bb border_style=\u00bbsolid\u00bb]&nbsp;<br \/>\n[\/et_pb_portfolio][\/et_pb_column][\/et_pb_row][\/et_pb_section]<\/p>\n","protected":false},"excerpt":{"rendered":"<p>Un documento de  video personalizado y exclusivo para d\u00eda de tu boda.<\/p>\n","protected":false},"author":1,"featured_media":593,"parent":0,"menu_order":0,"comment_status":"closed","ping_status":"closed","template":"","meta":{"_et_pb_use_builder":"on","_et_pb_old_content":"","_et_gb_content_width":"","footnotes":""},"class_list":["post-53","page","type-page","status-publish","has-post-thumbnail","hentry"],"aioseo_notices":[],"_links":{"self":[{"href":"https:\/\/bodasyvideoselparaguasazul.eu\/index.php?rest_route=\/wp\/v2\/pages\/53","targetHints":{"allow":["GET"]}}],"collection":[{"href":"https:\/\/bodasyvideoselparaguasazul.eu\/index.php?rest_route=\/wp\/v2\/pages"}],"about":[{"href":"https:\/\/bodasyvideoselparaguasazul.eu\/index.php?rest_route=\/wp\/v2\/types\/page"}],"author":[{"embeddable":true,"href":"https:\/\/bodasyvideoselparaguasazul.eu\/index.php?rest_route=\/wp\/v2\/users\/1"}],"replies":[{"embeddable":true,"href":"https:\/\/bodasyvideoselparaguasazul.eu\/index.php?rest_route=%2Fwp%2Fv2%2Fcomments&post=53"}],"version-history":[{"count":112,"href":"https:\/\/bodasyvideoselparaguasazul.eu\/index.php?rest_route=\/wp\/v2\/pages\/53\/revisions"}],"predecessor-version":[{"id":118940,"href":"https:\/\/bodasyvideoselparaguasazul.eu\/index.php?rest_route=\/wp\/v2\/pages\/53\/revisions\/118940"}],"wp:featuredmedia":[{"embeddable":true,"href":"https:\/\/bodasyvideoselparaguasazul.eu\/index.php?rest_route=\/wp\/v2\/media\/593"}],"wp:attachment":[{"href":"https:\/\/bodasyvideoselparaguasazul.eu\/index.php?rest_route=%2Fwp%2Fv2%2Fmedia&parent=53"}],"curies":[{"name":"wp","href":"https:\/\/api.w.org\/{rel}","templated":true}]}}